{"id":3,"date":"2024-04-23T17:56:03","date_gmt":"2024-04-23T17:56:03","guid":{"rendered":"http:\/\/dielinke-hilft.online\/?page_id=3"},"modified":"2024-05-22T00:22:53","modified_gmt":"2024-05-22T00:22:53","slug":"privacy-policy","status":"publish","type":"page","link":"https:\/\/dielinke-hilft.online\/ingolstadt\/privacy-policy\/","title":{"rendered":"Datenschutz"},"content":{"rendered":"\t\t<div data-elementor-type=\"wp-page\" data-elementor-id=\"3\" class=\"elementor elementor-3\" data-elementor-post-type=\"page\">\n\t\t\t\t<div class=\"elementor-element elementor-element-795fc9a8 e-flex e-con-boxed e-con e-parent\" data-id=\"795fc9a8\" data-element_type=\"container\" data-e-type=\"container\">\n\t\t\t\t\t<div class=\"e-con-inner\">\n\t\t\t\t<div class=\"elementor-element elementor-element-491ce731 elementor-widget elementor-widget-text-editor\" data-id=\"491ce731\" data-element_type=\"widget\" data-e-type=\"widget\" data-widget_type=\"text-editor.default\">\n\t\t\t\t<div class=\"elementor-widget-container\">\n\t\t\t\t\t\t\t\t\t\n<h2 class=\"wp-block-heading\">Datenschutzerkl\u00e4rung<\/h2>\n\n<p>\u00a0<\/p>\n<p><strong>Allgemeine Hinweise<\/strong><\/p>\n<p>Der Schutz Ihrer pers\u00f6nlichen Daten ist uns sehr wichtig. Diese Datenschutzerkl\u00e4rung kl\u00e4rt Sie \u00fcber die Art, den Umfang und Zweck der Verarbeitung von personenbezogenen Daten innerhalb unserer Website auf. Personenbezogene Daten sind hierbei alle Daten, mit denen Sie pers\u00f6nlich identifiziert werden k\u00f6nnen.<\/p>\n<p><strong>Verantwortliche Stelle<\/strong><\/p>\n<p>Verantwortlicher im Sinne der Datenschutz-Grundverordnung (DSGVO) ist:<\/p>\n<p>Die Linke Ingolstadt<br \/>Christian Pauling<br \/>Am Bachl 16, <br \/>85049 Ingolstadt <br \/>015158886854<br \/>pauling[att]dielinke-ingolstadt.de<\/p>\n<p><strong>Datenerfassung auf unserer Website<\/strong><\/p>\n<p><strong>Kontaktdaten<\/strong><\/p>\n<p>Wenn Sie uns per Kontaktformular Anfragen zukommen lassen, werden Ihre Angaben aus dem Anfrageformular inklusive der von Ihnen dort angegebenen Kontaktdaten zwecks Bearbeitung der Anfrage und f\u00fcr den Fall von Anschlussfragen bei uns gespeichert. Diese Daten geben wir nicht ohne Ihre Einwilligung weiter.<\/p>\n<p><strong>Anfragen f\u00fcr den Leitfaden<\/strong><\/p>\n<p>Wenn Sie einen Leitfaden zur Unterst\u00fctzung beim Wohngeldantrag anfordern, erfassen wir Ihre Kontaktdaten und die relevanten Informationen, die f\u00fcr die Bearbeitung Ihrer Anfrage erforderlich sind. Mit der Anforderung des Leitfadens erkl\u00e4ren Sie sich einverstanden, zum Zwecke der Hilfe beim Wohngeldantrag kontaktiert zu werden und Informationen zu erhalten. Zudem werden Sie tempor\u00e4r Mitglied in unserem Verein &#8220;Die Linke. hilft e.V.&#8221;, um eine rechtssichere und haftungsfreie Beratung zu erm\u00f6glichen. Es handelt sich dadurch um eine Hilfestellung unter Mitgliedern und nicht um eine rechtliche abgesicherte Sozialberatung.\u00a0<\/p>\n<p><strong>Rechtsgrundlage der Verarbeitung<\/strong><\/p>\n<p>Die Verarbeitung Ihrer Daten erfolgt auf Grundlage von Art. 6 Abs. 1 lit. b DSGVO, welcher die Verarbeitung von Daten zur Erf\u00fcllung eines Vertrags oder vorvertraglicher Ma\u00dfnahmen gestattet.<\/p>\n<p><strong>Speicherdauer<\/strong><\/p>\n<p>Die von Ihnen \u00fcbermittelten Daten werden bei uns gespeichert, solange es f\u00fcr die Erf\u00fcllung der von Ihnen gew\u00fcnschten Dienstleistung erforderlich ist oder gesetzliche Aufbewahrungspflichten bestehen.<\/p>\n<p><strong>Ihre Rechte als betroffene Person<\/strong><\/p>\n<p>Sie haben jederzeit das Recht auf Auskunft \u00fcber Ihre gespeicherten personenbezogenen Daten, deren Herkunft und Empf\u00e4nger sowie den Zweck der Datenverarbeitung. Zudem haben Sie ein Recht auf Berichtigung, Sperrung oder L\u00f6schung dieser Daten. Hierzu sowie zu weiteren Fragen zum Thema Datenschutz k\u00f6nnen Sie sich jederzeit unter der oben angegebenen Adresse an uns wenden.<\/p>\n<p><strong>Beschwerderecht bei der zust\u00e4ndigen Aufsichtsbeh\u00f6rde<\/strong><\/p>\n<p>Im Falle datenschutzrechtlicher Verst\u00f6\u00dfe steht Ihnen ein Beschwerderecht bei der zust\u00e4ndigen Aufsichtsbeh\u00f6rde zu. Zust\u00e4ndige Aufsichtsbeh\u00f6rde in datenschutzrechtlichen Fragen ist der Landesdatenschutzbeauftragte des Bundeslandes, in dem unser Verein seinen Sitz hat.<\/p>\n<p>\u00a0<\/p>\t\t\t\t\t\t\t\t<\/div>\n\t\t\t\t<\/div>\n\t\t\t\t\t<\/div>\n\t\t\t\t<\/div>\n\t\t\t\t<\/div>\n\t\t","protected":false},"excerpt":{"rendered":"<p>Datenschutzerkl\u00e4rung \u00a0 Allgemeine Hinweise Der Schutz Ihrer pers\u00f6nlichen Daten ist uns sehr wichtig. Diese Datenschutzerkl\u00e4rung kl\u00e4rt Sie \u00fcber die Art, den Umfang und Zweck der Verarbeitung von personenbezogenen Daten innerhalb unserer Website auf. Personenbezogene Daten sind hierbei alle Daten, mit denen Sie pers\u00f6nlich identifiziert werden k\u00f6nnen. Verantwortliche Stelle Verantwortlicher im Sinne der Datenschutz-Grundverordnung (DSGVO) ist: [&hellip;]<\/p>\n","protected":false},"author":1,"featured_media":0,"parent":0,"menu_order":0,"comment_status":"closed","ping_status":"open","template":"","meta":{"_acf_changed":false,"footnotes":""},"class_list":["post-3","page","type-page","status-publish","hentry"],"acf":[],"_links":{"self":[{"href":"https:\/\/dielinke-hilft.online\/ingolstadt\/wp-json\/wp\/v2\/pages\/3","targetHints":{"allow":["GET"]}}],"collection":[{"href":"https:\/\/dielinke-hilft.online\/ingolstadt\/wp-json\/wp\/v2\/pages"}],"about":[{"href":"https:\/\/dielinke-hilft.online\/ingolstadt\/wp-json\/wp\/v2\/types\/page"}],"author":[{"embeddable":true,"href":"https:\/\/dielinke-hilft.online\/ingolstadt\/wp-json\/wp\/v2\/users\/1"}],"replies":[{"embeddable":true,"href":"https:\/\/dielinke-hilft.online\/ingolstadt\/wp-json\/wp\/v2\/comments?post=3"}],"version-history":[{"count":7,"href":"https:\/\/dielinke-hilft.online\/ingolstadt\/wp-json\/wp\/v2\/pages\/3\/revisions"}],"predecessor-version":[{"id":281,"href":"https:\/\/dielinke-hilft.online\/ingolstadt\/wp-json\/wp\/v2\/pages\/3\/revisions\/281"}],"wp:attachment":[{"href":"https:\/\/dielinke-hilft.online\/ingolstadt\/wp-json\/wp\/v2\/media?parent=3"}],"curies":[{"name":"wp","href":"https:\/\/api.w.org\/{rel}","templated":true}]}}